{"id":9,"date":"2020-08-09T23:38:52","date_gmt":"2020-08-09T23:38:52","guid":{"rendered":"http:\/\/museodelaesmeralda.org\/wordpress\/?page_id=9"},"modified":"2020-08-27T23:43:11","modified_gmt":"2020-08-27T18:43:11","slug":"about","status":"publish","type":"page","link":"http:\/\/museodelaesmeralda.org\/","title":{"rendered":"Corporaci\u00f3n Museo De La Esmeralda Colombiana MEC"},"content":{"rendered":"\n<p>Es una entidad sin animo de lucro con 45 a\u00f1os de trayectoria en el estudio, recopilaci\u00f3n y conservaci\u00f3n de\u00a0 nuestras esmeraldas. Las piezas que tiene nuestro Museo son \u00fanicas con gran valor cient\u00edfico ya que encontramos, esmeraldas ex\u00f3ticas que solo se producen aqu\u00ed en Colombia.<\/p>\n","protected":false},"excerpt":{"rendered":"<p>Es una entidad sin animo de lucro con 45 a\u00f1os de trayectoria en el estudio, recopilaci\u00f3n y conservaci\u00f3n de\u00a0 nuestras esmeraldas. Las piezas que tiene nuestro Museo son \u00fanicas con gran valor cient\u00edfico ya que encontramos, esmeraldas ex\u00f3ticas que solo se producen aqu\u00ed en Colombia.<\/p>\n","protected":false},"author":1,"featured_media":0,"parent":0,"menu_order":0,"comment_status":"closed","ping_status":"closed","template":"","meta":{"footnotes":""},"class_list":["post-9","page","type-page","status-publish","hentry"],"_links":{"self":[{"href":"http:\/\/museodelaesmeralda.org\/index.php?rest_route=\/wp\/v2\/pages\/9","targetHints":{"allow":["GET"]}}],"collection":[{"href":"http:\/\/museodelaesmeralda.org\/index.php?rest_route=\/wp\/v2\/pages"}],"about":[{"href":"http:\/\/museodelaesmeralda.org\/index.php?rest_route=\/wp\/v2\/types\/page"}],"author":[{"embeddable":true,"href":"http:\/\/museodelaesmeralda.org\/index.php?rest_route=\/wp\/v2\/users\/1"}],"replies":[{"embeddable":true,"href":"http:\/\/museodelaesmeralda.org\/index.php?rest_route=%2Fwp%2Fv2%2Fcomments&post=9"}],"version-history":[{"count":3,"href":"http:\/\/museodelaesmeralda.org\/index.php?rest_route=\/wp\/v2\/pages\/9\/revisions"}],"predecessor-version":[{"id":41,"href":"http:\/\/museodelaesmeralda.org\/index.php?rest_route=\/wp\/v2\/pages\/9\/revisions\/41"}],"wp:attachment":[{"href":"http:\/\/museodelaesmeralda.org\/index.php?rest_route=%2Fwp%2Fv2%2Fmedia&parent=9"}],"curies":[{"name":"wp","href":"https:\/\/api.w.org\/{rel}","templated":true}]}}